{"id":407,"date":"2015-05-19T11:25:27","date_gmt":"2015-05-19T11:25:27","guid":{"rendered":"http:\/\/dr-schwenk.de\/?page_id=407"},"modified":"2015-05-19T11:25:27","modified_gmt":"2015-05-19T11:25:27","slug":"online-rezept","status":"publish","type":"page","link":"https:\/\/dr-schwenk.de\/en\/service-2\/online-rezept\/","title":{"rendered":"Online Rezept"},"content":{"rendered":"<h1>Online Rezept<\/h1>\n<p>Nutzen Sie unseren Online-Service zur Rezeptbestellung f\u00fcr Medikamente, die Ihnen als Dauertherapie verordnet wurden (so genannte Wiederholungsrezepte). Ihr Rezept liegt am n\u00e4chsten Kalendertag zur Abholung in der Praxis f\u00fcr Sie bereit. \n<div class=\"wpcf7 no-js\" id=\"wpcf7-f296-o1\" lang=\"de-DE\" dir=\"ltr\" data-wpcf7-id=\"296\">\n<div class=\"screen-reader-response\"><p role=\"status\" aria-live=\"polite\" aria-atomic=\"true\"><\/p> <ul><\/ul><\/div>\n<form action=\"\/en\/wp-json\/wp\/v2\/pages\/407#wpcf7-f296-o1\" method=\"post\" class=\"wpcf7-form init\" aria-label=\"Kontaktformular\" novalidate=\"novalidate\" data-status=\"init\">\n<fieldset class=\"hidden-fields-container\"><input type=\"hidden\" name=\"_wpcf7\" value=\"296\" \/><input type=\"hidden\" name=\"_wpcf7_version\" value=\"6.1.5\" \/><input type=\"hidden\" name=\"_wpcf7_locale\" value=\"de_DE\" \/><input type=\"hidden\" name=\"_wpcf7_unit_tag\" value=\"wpcf7-f296-o1\" \/><input type=\"hidden\" name=\"_wpcf7_container_post\" value=\"0\" \/><input type=\"hidden\" name=\"_wpcf7_posted_data_hash\" value=\"\" \/>\n<\/fieldset>\n<p>Ihr Nachname *:\n<\/p>\n<p><span class=\"wpcf7-form-control-wrap\" data-name=\"name\"><input size=\"40\" maxlength=\"400\" class=\"wpcf7-form-control wpcf7-text wpcf7-validates-as-required\" aria-required=\"true\" aria-invalid=\"false\" value=\"\" type=\"text\" name=\"name\" \/><\/span>\n<\/p>\n<p>Ihr Vorname *:\n<\/p>\n<p><span class=\"wpcf7-form-control-wrap\" data-name=\"vorname\"><input size=\"40\" maxlength=\"400\" class=\"wpcf7-form-control wpcf7-text wpcf7-validates-as-required\" aria-required=\"true\" aria-invalid=\"false\" value=\"\" type=\"text\" name=\"vorname\" \/><\/span>\n<\/p>\n<p>Ihr Geburtsdatum *:\n<\/p>\n<p><span class=\"wpcf7-form-control-wrap\" data-name=\"datum\"><input class=\"wpcf7-form-control wpcf7-date wpcf7-validates-as-required wpcf7-validates-as-date\" aria-required=\"true\" aria-invalid=\"false\" value=\"\" type=\"date\" name=\"datum\" \/><\/span>\n<\/p>\n<p>Ihre Telefonnummer *:\n<\/p>\n<p><span class=\"wpcf7-form-control-wrap\" data-name=\"telefon\"><input size=\"40\" maxlength=\"400\" class=\"wpcf7-form-control wpcf7-tel wpcf7-validates-as-required wpcf7-text wpcf7-validates-as-tel\" aria-required=\"true\" aria-invalid=\"false\" value=\"\" type=\"tel\" name=\"telefon\" \/><\/span>\n<\/p>\n<p>Ihre E-Mail-Adresse *:\n<\/p>\n<p><span class=\"wpcf7-form-control-wrap\" data-name=\"email\"><input size=\"40\" maxlength=\"400\" class=\"wpcf7-form-control wpcf7-email wpcf7-validates-as-required wpcf7-text wpcf7-validates-as-email\" aria-required=\"true\" aria-invalid=\"false\" value=\"\" type=\"email\" name=\"email\" \/><\/span>\n<\/p>\n<p>Rezept *:\n<\/p>\n<p><span class=\"wpcf7-form-control-wrap\" data-name=\"rezept\"><textarea cols=\"40\" rows=\"10\" maxlength=\"2000\" class=\"wpcf7-form-control wpcf7-textarea wpcf7-validates-as-required\" aria-required=\"true\" aria-invalid=\"false\" name=\"rezept\"><\/textarea><\/span>\n<\/p>\n<div class=\"row\">\n\t<div class=\"col-md-12\">\n\t\t<p><span class=\"wpcf7-form-control-wrap\" data-name=\"acceptance-9\"><span class=\"wpcf7-form-control wpcf7-acceptance\"><span class=\"wpcf7-list-item\"><input type=\"checkbox\" name=\"acceptance-9\" value=\"1\" aria-invalid=\"false\" \/><\/span><\/span><\/span>\n\t\t<\/p>\n\t\t<p>Ja, ich habe die <a href=\"https:\/\/dr-schwenk.de\/datenschutz\/\" target=\"_blank\">Datenschutzerkl\u00e4rung<\/a> zur Kenntnis genommen und bin damit einverstanden, dass die von mir angegebenen Daten elektronisch erhoben und gespeichert werden.\n\t\t<\/p>\n\t\t<p>Meine Daten werden dabei nur streng zweckgebunden zur Bearbeitung und Beantwortung meiner Anfrage benutzt.\n\t\t<\/p>\n\t\t<p>Mit dem Absenden des Formulars erkl\u00e4re ich mich mit der Verarbeitung einverstanden.\n\t\t<\/p>\n\t<\/div>\n<\/div>\n<p><span id=\"wpcf7-69d632532af3f-wrapper\" class=\"wpcf7-form-control-wrap honeypot-757-wrap\" style=\"display:none !important; visibility:hidden !important;\"><label for=\"wpcf7-69d632532af3f-field\" class=\"hp-message\">Bitte lasse dieses Feld leer.<\/label><input id=\"wpcf7-69d632532af3f-field\"  class=\"wpcf7-form-control wpcf7-text\" type=\"text\" name=\"honeypot-757\" value=\"\" size=\"40\" tabindex=\"-1\" autocomplete=\"new-password\" \/><\/span>\n<\/p>\n<p><input class=\"wpcf7-form-control wpcf7-submit has-spinner\" type=\"submit\" value=\"Senden\" \/>\n<\/p><div class=\"wpcf7-response-output\" aria-hidden=\"true\"><\/div>\n<\/form>\n<\/div>\n (* Pflichtfelder)<\/p>\n","protected":false},"excerpt":{"rendered":"<p>Online Rezept Nutzen Sie unseren Online-Service zur Rezeptbestellung f\u00fcr Medikamente, die Ihnen als Dauertherapie verordnet wurden (so genannte Wiederholungsrezepte). Ihr Rezept liegt am n\u00e4chsten Kalendertag zur Abholung in der Praxis f\u00fcr Sie bereit. (* Pflichtfelder)<\/p>\n","protected":false},"author":1,"featured_media":0,"parent":401,"menu_order":3,"comment_status":"closed","ping_status":"closed","template":"","meta":{"_acf_changed":false,"footnotes":""},"class_list":["post-407","page","type-page","status-publish","hentry"],"acf":[],"yoast_head":"<!-- This site is optimized with the Yoast SEO plugin v27.3 - https:\/\/yoast.com\/product\/yoast-seo-wordpress\/ -->\n<title>Online Rezept - Dr. Schwenk<\/title>\n<meta name=\"robots\" content=\"index, follow, max-snippet:-1, max-image-preview:large, max-video-preview:-1\" \/>\n<link rel=\"canonical\" href=\"https:\/\/dr-schwenk.de\/en\/service-2\/online-rezept\/\" \/>\n<meta property=\"og:locale\" content=\"en_US\" \/>\n<meta property=\"og:type\" content=\"article\" \/>\n<meta property=\"og:title\" content=\"Online Rezept - Dr. Schwenk\" \/>\n<meta property=\"og:description\" content=\"Online Rezept Nutzen Sie unseren Online-Service zur Rezeptbestellung f\u00fcr Medikamente, die Ihnen als Dauertherapie verordnet wurden (so genannte Wiederholungsrezepte). Ihr Rezept liegt am n\u00e4chsten Kalendertag zur Abholung in der Praxis f\u00fcr Sie bereit. (* Pflichtfelder)\" \/>\n<meta property=\"og:url\" content=\"https:\/\/dr-schwenk.de\/en\/service-2\/online-rezept\/\" \/>\n<meta property=\"og:site_name\" content=\"Dr. Schwenk\" \/>\n<meta name=\"twitter:card\" content=\"summary_large_image\" \/>\n<script type=\"application\/ld+json\" class=\"yoast-schema-graph\">{\"@context\":\"https:\\\/\\\/schema.org\",\"@graph\":[{\"@type\":\"WebPage\",\"@id\":\"https:\\\/\\\/dr-schwenk.de\\\/en\\\/service-2\\\/online-rezept\\\/\",\"url\":\"https:\\\/\\\/dr-schwenk.de\\\/en\\\/service-2\\\/online-rezept\\\/\",\"name\":\"Online Rezept - Dr. Schwenk\",\"isPartOf\":{\"@id\":\"https:\\\/\\\/dr-schwenk.de\\\/#website\"},\"datePublished\":\"2015-05-19T11:25:27+00:00\",\"breadcrumb\":{\"@id\":\"https:\\\/\\\/dr-schwenk.de\\\/en\\\/service-2\\\/online-rezept\\\/#breadcrumb\"},\"inLanguage\":\"en-US\",\"potentialAction\":[{\"@type\":\"ReadAction\",\"target\":[\"https:\\\/\\\/dr-schwenk.de\\\/en\\\/service-2\\\/online-rezept\\\/\"]}]},{\"@type\":\"BreadcrumbList\",\"@id\":\"https:\\\/\\\/dr-schwenk.de\\\/en\\\/service-2\\\/online-rezept\\\/#breadcrumb\",\"itemListElement\":[{\"@type\":\"ListItem\",\"position\":1,\"name\":\"Home\",\"item\":\"https:\\\/\\\/dr-schwenk.de\\\/en\\\/\"},{\"@type\":\"ListItem\",\"position\":2,\"name\":\"Service\",\"item\":\"https:\\\/\\\/dr-schwenk.de\\\/en\\\/service-2\\\/\"},{\"@type\":\"ListItem\",\"position\":3,\"name\":\"Online Rezept\"}]},{\"@type\":\"WebSite\",\"@id\":\"https:\\\/\\\/dr-schwenk.de\\\/#website\",\"url\":\"https:\\\/\\\/dr-schwenk.de\\\/\",\"name\":\"Dr. Schwenk\",\"description\":\"Leopold Medical Center\",\"publisher\":{\"@id\":\"https:\\\/\\\/dr-schwenk.de\\\/#organization\"},\"potentialAction\":[{\"@type\":\"SearchAction\",\"target\":{\"@type\":\"EntryPoint\",\"urlTemplate\":\"https:\\\/\\\/dr-schwenk.de\\\/?s={search_term_string}\"},\"query-input\":{\"@type\":\"PropertyValueSpecification\",\"valueRequired\":true,\"valueName\":\"search_term_string\"}}],\"inLanguage\":\"en-US\"},{\"@type\":\"Organization\",\"@id\":\"https:\\\/\\\/dr-schwenk.de\\\/#organization\",\"name\":\"Dr. Ulrike Schwenk\",\"url\":\"https:\\\/\\\/dr-schwenk.de\\\/\",\"logo\":{\"@type\":\"ImageObject\",\"inLanguage\":\"en-US\",\"@id\":\"https:\\\/\\\/dr-schwenk.de\\\/#\\\/schema\\\/logo\\\/image\\\/\",\"url\":\"https:\\\/\\\/dr-schwenk.de\\\/wp-content\\\/uploads\\\/2015\\\/04\\\/Logo-Dr-Schwenk.jpg\",\"contentUrl\":\"https:\\\/\\\/dr-schwenk.de\\\/wp-content\\\/uploads\\\/2015\\\/04\\\/Logo-Dr-Schwenk.jpg\",\"width\":600,\"height\":319,\"caption\":\"Dr. Ulrike Schwenk\"},\"image\":{\"@id\":\"https:\\\/\\\/dr-schwenk.de\\\/#\\\/schema\\\/logo\\\/image\\\/\"}}]}<\/script>\n<!-- \/ Yoast SEO plugin. -->","yoast_head_json":{"title":"Online Rezept - Dr. Schwenk","robots":{"index":"index","follow":"follow","max-snippet":"max-snippet:-1","max-image-preview":"max-image-preview:large","max-video-preview":"max-video-preview:-1"},"canonical":"https:\/\/dr-schwenk.de\/en\/service-2\/online-rezept\/","og_locale":"en_US","og_type":"article","og_title":"Online Rezept - Dr. Schwenk","og_description":"Online Rezept Nutzen Sie unseren Online-Service zur Rezeptbestellung f\u00fcr Medikamente, die Ihnen als Dauertherapie verordnet wurden (so genannte Wiederholungsrezepte). Ihr Rezept liegt am n\u00e4chsten Kalendertag zur Abholung in der Praxis f\u00fcr Sie bereit. (* Pflichtfelder)","og_url":"https:\/\/dr-schwenk.de\/en\/service-2\/online-rezept\/","og_site_name":"Dr. Schwenk","twitter_card":"summary_large_image","schema":{"@context":"https:\/\/schema.org","@graph":[{"@type":"WebPage","@id":"https:\/\/dr-schwenk.de\/en\/service-2\/online-rezept\/","url":"https:\/\/dr-schwenk.de\/en\/service-2\/online-rezept\/","name":"Online Rezept - Dr. Schwenk","isPartOf":{"@id":"https:\/\/dr-schwenk.de\/#website"},"datePublished":"2015-05-19T11:25:27+00:00","breadcrumb":{"@id":"https:\/\/dr-schwenk.de\/en\/service-2\/online-rezept\/#breadcrumb"},"inLanguage":"en-US","potentialAction":[{"@type":"ReadAction","target":["https:\/\/dr-schwenk.de\/en\/service-2\/online-rezept\/"]}]},{"@type":"BreadcrumbList","@id":"https:\/\/dr-schwenk.de\/en\/service-2\/online-rezept\/#breadcrumb","itemListElement":[{"@type":"ListItem","position":1,"name":"Home","item":"https:\/\/dr-schwenk.de\/en\/"},{"@type":"ListItem","position":2,"name":"Service","item":"https:\/\/dr-schwenk.de\/en\/service-2\/"},{"@type":"ListItem","position":3,"name":"Online Rezept"}]},{"@type":"WebSite","@id":"https:\/\/dr-schwenk.de\/#website","url":"https:\/\/dr-schwenk.de\/","name":"Dr. Schwenk","description":"Leopold Medical Center","publisher":{"@id":"https:\/\/dr-schwenk.de\/#organization"},"potentialAction":[{"@type":"SearchAction","target":{"@type":"EntryPoint","urlTemplate":"https:\/\/dr-schwenk.de\/?s={search_term_string}"},"query-input":{"@type":"PropertyValueSpecification","valueRequired":true,"valueName":"search_term_string"}}],"inLanguage":"en-US"},{"@type":"Organization","@id":"https:\/\/dr-schwenk.de\/#organization","name":"Dr. Ulrike Schwenk","url":"https:\/\/dr-schwenk.de\/","logo":{"@type":"ImageObject","inLanguage":"en-US","@id":"https:\/\/dr-schwenk.de\/#\/schema\/logo\/image\/","url":"https:\/\/dr-schwenk.de\/wp-content\/uploads\/2015\/04\/Logo-Dr-Schwenk.jpg","contentUrl":"https:\/\/dr-schwenk.de\/wp-content\/uploads\/2015\/04\/Logo-Dr-Schwenk.jpg","width":600,"height":319,"caption":"Dr. Ulrike Schwenk"},"image":{"@id":"https:\/\/dr-schwenk.de\/#\/schema\/logo\/image\/"}}]}},"_links":{"self":[{"href":"https:\/\/dr-schwenk.de\/en\/wp-json\/wp\/v2\/pages\/407\/"}],"collection":[{"href":"https:\/\/dr-schwenk.de\/en\/wp-json\/wp\/v2\/pages\/"}],"about":[{"href":"https:\/\/dr-schwenk.de\/en\/wp-json\/wp\/v2\/types\/page\/"}],"author":[{"embeddable":true,"href":"https:\/\/dr-schwenk.de\/en\/wp-json\/wp\/v2\/users\/1\/"}],"replies":[{"embeddable":true,"href":"https:\/\/dr-schwenk.de\/en\/wp-json\/wp\/v2\/comments\/?post=407"}],"version-history":[{"count":1,"href":"https:\/\/dr-schwenk.de\/en\/wp-json\/wp\/v2\/pages\/407\/revisions\/"}],"predecessor-version":[{"id":408,"href":"https:\/\/dr-schwenk.de\/en\/wp-json\/wp\/v2\/pages\/407\/revisions\/408\/"}],"up":[{"embeddable":true,"href":"https:\/\/dr-schwenk.de\/en\/wp-json\/wp\/v2\/pages\/401\/"}],"wp:attachment":[{"href":"https:\/\/dr-schwenk.de\/en\/wp-json\/wp\/v2\/media\/?parent=407"}],"curies":[{"name":"wp","href":"https:\/\/api.w.org\/{rel}","templated":true}]}}