{"id":375,"date":"2015-05-19T11:20:02","date_gmt":"2015-05-19T11:20:02","guid":{"rendered":"http:\/\/dr-schwenk.de\/?page_id=375"},"modified":"2015-05-19T11:20:02","modified_gmt":"2015-05-19T11:20:02","slug":"philosophie","status":"publish","type":"page","link":"https:\/\/dr-schwenk.de\/en\/praxis-2\/philosophie\/","title":{"rendered":"Philosophie"},"content":{"rendered":"<div>\n<h1>Philosophie meiner Praxis f\u00fcr Innere Medizin und Naturheilkunde M\u00fcnchen<\/h1>\n<p>Das therapeutische Konzept meiner Praxis beruht auf den Prinzipien der Integrativen Medizin. W\u00e4hrend meiner zum Teil in den USA absolvierten Facharztausbildung konnte ich diese moderne medizinische Entwicklung am \u201eCenter for Health and Healing\u201c des Universit\u00e4tsklinikums Mount Sinai Beth Israel in New York n\u00e4her kennenlernen. Sich Zeit zu nehmen, um in einem detaillierten Gespr\u00e4ch den gesamten Menschen zu erfassen und nicht nur eine Schl\u00fcssellochmedizin zu betreiben, sehe ich als wesentlichen Erfolgsfaktor an. Dazu nutze ich die Synergie von modernster Apparatemedizin und biologisch regulativen naturheilkundlichen Verfahren. Meine Ziele sind eine exakte Diagnosefindung und eine m\u00f6glichst schonende Therapie. Gerne unterst\u00fctze ich Sie so beim Erreichen Ihrer individuellen Gesundheitsziele! Neben der Behandlung von Erkrankungen stellt die Pr\u00e4vention im Rahmen von Vorsorgeuntersuchungen und Check-ups einen wichtigen Schwerpunkt meiner Arbeit dar. Die Einbettung meiner Praxis in den gr\u00f6\u00dferen Kontext von PHC\/PHI bietet dar\u00fcber hinaus die M\u00f6glichkeit naturheilkundliche Impulse (z.B. Bewegungtherapie, Hydro-Thermoanwendungen, etc.) direkt in die Behandlung einzubinden. Als Ihre Gesundheitsexpertin stehe ich Ihnen in allen Belangen zur Seite und helfe Ihnen gerne gesund und fit zu bleiben! Ihre Dr. Ulrike Schwenk<\/p><\/div>\n","protected":false},"excerpt":{"rendered":"<p>Philosophie meiner Praxis f\u00fcr Innere Medizin und Naturheilkunde M\u00fcnchen Das therapeutische Konzept meiner Praxis beruht auf den Prinzipien der Integrativen Medizin. W\u00e4hrend meiner zum Teil in den USA absolvierten Facharztausbildung konnte ich diese moderne medizinische Entwicklung am \u201eCenter for Health and Healing\u201c des Universit\u00e4tsklinikums Mount Sinai Beth Israel in New York n\u00e4her kennenlernen. Sich Zeit [&hellip;]<\/p>\n","protected":false},"author":1,"featured_media":357,"parent":373,"menu_order":1,"comment_status":"closed","ping_status":"closed","template":"","meta":{"_acf_changed":false,"footnotes":""},"class_list":["post-375","page","type-page","status-publish","has-post-thumbnail","hentry"],"acf":[],"yoast_head":"<!-- This site is optimized with the Yoast SEO plugin v27.3 - https:\/\/yoast.com\/product\/yoast-seo-wordpress\/ -->\n<title>Philosophie - Dr. Schwenk<\/title>\n<meta name=\"robots\" content=\"index, follow, max-snippet:-1, max-image-preview:large, max-video-preview:-1\" \/>\n<link rel=\"canonical\" href=\"https:\/\/dr-schwenk.de\/en\/praxis-2\/philosophie\/\" \/>\n<meta property=\"og:locale\" content=\"en_US\" \/>\n<meta property=\"og:type\" content=\"article\" \/>\n<meta property=\"og:title\" content=\"Philosophie - Dr. Schwenk\" \/>\n<meta property=\"og:description\" content=\"Philosophie meiner Praxis f\u00fcr Innere Medizin und Naturheilkunde M\u00fcnchen Das therapeutische Konzept meiner Praxis beruht auf den Prinzipien der Integrativen Medizin. W\u00e4hrend meiner zum Teil in den USA absolvierten Facharztausbildung konnte ich diese moderne medizinische Entwicklung am \u201eCenter for Health and Healing\u201c des Universit\u00e4tsklinikums Mount Sinai Beth Israel in New York n\u00e4her kennenlernen. Sich Zeit [&hellip;]\" \/>\n<meta property=\"og:url\" content=\"https:\/\/dr-schwenk.de\/en\/praxis-2\/philosophie\/\" \/>\n<meta property=\"og:site_name\" content=\"Dr. Schwenk\" \/>\n<meta property=\"og:image\" content=\"https:\/\/dr-schwenk.de\/wp-content\/uploads\/2015\/04\/Header-Praxis.jpg\" \/>\n\t<meta property=\"og:image:width\" content=\"1170\" \/>\n\t<meta property=\"og:image:height\" content=\"206\" \/>\n\t<meta property=\"og:image:type\" content=\"image\/jpeg\" \/>\n<meta name=\"twitter:card\" content=\"summary_large_image\" \/>\n<meta name=\"twitter:label1\" content=\"Est. reading time\" \/>\n\t<meta name=\"twitter:data1\" content=\"1 minute\" \/>\n<script type=\"application\/ld+json\" class=\"yoast-schema-graph\">{\"@context\":\"https:\\\/\\\/schema.org\",\"@graph\":[{\"@type\":\"WebPage\",\"@id\":\"https:\\\/\\\/dr-schwenk.de\\\/en\\\/praxis-2\\\/philosophie\\\/\",\"url\":\"https:\\\/\\\/dr-schwenk.de\\\/en\\\/praxis-2\\\/philosophie\\\/\",\"name\":\"Philosophie - Dr. Schwenk\",\"isPartOf\":{\"@id\":\"https:\\\/\\\/dr-schwenk.de\\\/#website\"},\"primaryImageOfPage\":{\"@id\":\"https:\\\/\\\/dr-schwenk.de\\\/en\\\/praxis-2\\\/philosophie\\\/#primaryimage\"},\"image\":{\"@id\":\"https:\\\/\\\/dr-schwenk.de\\\/en\\\/praxis-2\\\/philosophie\\\/#primaryimage\"},\"thumbnailUrl\":\"https:\\\/\\\/dr-schwenk.de\\\/wp-content\\\/uploads\\\/2015\\\/04\\\/Header-Praxis.jpg\",\"datePublished\":\"2015-05-19T11:20:02+00:00\",\"breadcrumb\":{\"@id\":\"https:\\\/\\\/dr-schwenk.de\\\/en\\\/praxis-2\\\/philosophie\\\/#breadcrumb\"},\"inLanguage\":\"en-US\",\"potentialAction\":[{\"@type\":\"ReadAction\",\"target\":[\"https:\\\/\\\/dr-schwenk.de\\\/en\\\/praxis-2\\\/philosophie\\\/\"]}]},{\"@type\":\"ImageObject\",\"inLanguage\":\"en-US\",\"@id\":\"https:\\\/\\\/dr-schwenk.de\\\/en\\\/praxis-2\\\/philosophie\\\/#primaryimage\",\"url\":\"https:\\\/\\\/dr-schwenk.de\\\/wp-content\\\/uploads\\\/2015\\\/04\\\/Header-Praxis.jpg\",\"contentUrl\":\"https:\\\/\\\/dr-schwenk.de\\\/wp-content\\\/uploads\\\/2015\\\/04\\\/Header-Praxis.jpg\",\"width\":1170,\"height\":206},{\"@type\":\"BreadcrumbList\",\"@id\":\"https:\\\/\\\/dr-schwenk.de\\\/en\\\/praxis-2\\\/philosophie\\\/#breadcrumb\",\"itemListElement\":[{\"@type\":\"ListItem\",\"position\":1,\"name\":\"Home\",\"item\":\"https:\\\/\\\/dr-schwenk.de\\\/en\\\/\"},{\"@type\":\"ListItem\",\"position\":2,\"name\":\"Praxis\",\"item\":\"https:\\\/\\\/dr-schwenk.de\\\/en\\\/praxis-2\\\/\"},{\"@type\":\"ListItem\",\"position\":3,\"name\":\"Philosophie\"}]},{\"@type\":\"WebSite\",\"@id\":\"https:\\\/\\\/dr-schwenk.de\\\/#website\",\"url\":\"https:\\\/\\\/dr-schwenk.de\\\/\",\"name\":\"Dr. Schwenk\",\"description\":\"Leopold Medical Center\",\"publisher\":{\"@id\":\"https:\\\/\\\/dr-schwenk.de\\\/#organization\"},\"potentialAction\":[{\"@type\":\"SearchAction\",\"target\":{\"@type\":\"EntryPoint\",\"urlTemplate\":\"https:\\\/\\\/dr-schwenk.de\\\/?s={search_term_string}\"},\"query-input\":{\"@type\":\"PropertyValueSpecification\",\"valueRequired\":true,\"valueName\":\"search_term_string\"}}],\"inLanguage\":\"en-US\"},{\"@type\":\"Organization\",\"@id\":\"https:\\\/\\\/dr-schwenk.de\\\/#organization\",\"name\":\"Dr. Ulrike Schwenk\",\"url\":\"https:\\\/\\\/dr-schwenk.de\\\/\",\"logo\":{\"@type\":\"ImageObject\",\"inLanguage\":\"en-US\",\"@id\":\"https:\\\/\\\/dr-schwenk.de\\\/#\\\/schema\\\/logo\\\/image\\\/\",\"url\":\"https:\\\/\\\/dr-schwenk.de\\\/wp-content\\\/uploads\\\/2015\\\/04\\\/Logo-Dr-Schwenk.jpg\",\"contentUrl\":\"https:\\\/\\\/dr-schwenk.de\\\/wp-content\\\/uploads\\\/2015\\\/04\\\/Logo-Dr-Schwenk.jpg\",\"width\":600,\"height\":319,\"caption\":\"Dr. Ulrike Schwenk\"},\"image\":{\"@id\":\"https:\\\/\\\/dr-schwenk.de\\\/#\\\/schema\\\/logo\\\/image\\\/\"}}]}<\/script>\n<!-- \/ Yoast SEO plugin. -->","yoast_head_json":{"title":"Philosophie - Dr. Schwenk","robots":{"index":"index","follow":"follow","max-snippet":"max-snippet:-1","max-image-preview":"max-image-preview:large","max-video-preview":"max-video-preview:-1"},"canonical":"https:\/\/dr-schwenk.de\/en\/praxis-2\/philosophie\/","og_locale":"en_US","og_type":"article","og_title":"Philosophie - Dr. Schwenk","og_description":"Philosophie meiner Praxis f\u00fcr Innere Medizin und Naturheilkunde M\u00fcnchen Das therapeutische Konzept meiner Praxis beruht auf den Prinzipien der Integrativen Medizin. W\u00e4hrend meiner zum Teil in den USA absolvierten Facharztausbildung konnte ich diese moderne medizinische Entwicklung am \u201eCenter for Health and Healing\u201c des Universit\u00e4tsklinikums Mount Sinai Beth Israel in New York n\u00e4her kennenlernen. Sich Zeit [&hellip;]","og_url":"https:\/\/dr-schwenk.de\/en\/praxis-2\/philosophie\/","og_site_name":"Dr. Schwenk","og_image":[{"width":1170,"height":206,"url":"https:\/\/dr-schwenk.de\/wp-content\/uploads\/2015\/04\/Header-Praxis.jpg","type":"image\/jpeg"}],"twitter_card":"summary_large_image","twitter_misc":{"Est. reading time":"1 minute"},"schema":{"@context":"https:\/\/schema.org","@graph":[{"@type":"WebPage","@id":"https:\/\/dr-schwenk.de\/en\/praxis-2\/philosophie\/","url":"https:\/\/dr-schwenk.de\/en\/praxis-2\/philosophie\/","name":"Philosophie - Dr. Schwenk","isPartOf":{"@id":"https:\/\/dr-schwenk.de\/#website"},"primaryImageOfPage":{"@id":"https:\/\/dr-schwenk.de\/en\/praxis-2\/philosophie\/#primaryimage"},"image":{"@id":"https:\/\/dr-schwenk.de\/en\/praxis-2\/philosophie\/#primaryimage"},"thumbnailUrl":"https:\/\/dr-schwenk.de\/wp-content\/uploads\/2015\/04\/Header-Praxis.jpg","datePublished":"2015-05-19T11:20:02+00:00","breadcrumb":{"@id":"https:\/\/dr-schwenk.de\/en\/praxis-2\/philosophie\/#breadcrumb"},"inLanguage":"en-US","potentialAction":[{"@type":"ReadAction","target":["https:\/\/dr-schwenk.de\/en\/praxis-2\/philosophie\/"]}]},{"@type":"ImageObject","inLanguage":"en-US","@id":"https:\/\/dr-schwenk.de\/en\/praxis-2\/philosophie\/#primaryimage","url":"https:\/\/dr-schwenk.de\/wp-content\/uploads\/2015\/04\/Header-Praxis.jpg","contentUrl":"https:\/\/dr-schwenk.de\/wp-content\/uploads\/2015\/04\/Header-Praxis.jpg","width":1170,"height":206},{"@type":"BreadcrumbList","@id":"https:\/\/dr-schwenk.de\/en\/praxis-2\/philosophie\/#breadcrumb","itemListElement":[{"@type":"ListItem","position":1,"name":"Home","item":"https:\/\/dr-schwenk.de\/en\/"},{"@type":"ListItem","position":2,"name":"Praxis","item":"https:\/\/dr-schwenk.de\/en\/praxis-2\/"},{"@type":"ListItem","position":3,"name":"Philosophie"}]},{"@type":"WebSite","@id":"https:\/\/dr-schwenk.de\/#website","url":"https:\/\/dr-schwenk.de\/","name":"Dr. Schwenk","description":"Leopold Medical Center","publisher":{"@id":"https:\/\/dr-schwenk.de\/#organization"},"potentialAction":[{"@type":"SearchAction","target":{"@type":"EntryPoint","urlTemplate":"https:\/\/dr-schwenk.de\/?s={search_term_string}"},"query-input":{"@type":"PropertyValueSpecification","valueRequired":true,"valueName":"search_term_string"}}],"inLanguage":"en-US"},{"@type":"Organization","@id":"https:\/\/dr-schwenk.de\/#organization","name":"Dr. Ulrike Schwenk","url":"https:\/\/dr-schwenk.de\/","logo":{"@type":"ImageObject","inLanguage":"en-US","@id":"https:\/\/dr-schwenk.de\/#\/schema\/logo\/image\/","url":"https:\/\/dr-schwenk.de\/wp-content\/uploads\/2015\/04\/Logo-Dr-Schwenk.jpg","contentUrl":"https:\/\/dr-schwenk.de\/wp-content\/uploads\/2015\/04\/Logo-Dr-Schwenk.jpg","width":600,"height":319,"caption":"Dr. Ulrike Schwenk"},"image":{"@id":"https:\/\/dr-schwenk.de\/#\/schema\/logo\/image\/"}}]}},"_links":{"self":[{"href":"https:\/\/dr-schwenk.de\/en\/wp-json\/wp\/v2\/pages\/375\/"}],"collection":[{"href":"https:\/\/dr-schwenk.de\/en\/wp-json\/wp\/v2\/pages\/"}],"about":[{"href":"https:\/\/dr-schwenk.de\/en\/wp-json\/wp\/v2\/types\/page\/"}],"author":[{"embeddable":true,"href":"https:\/\/dr-schwenk.de\/en\/wp-json\/wp\/v2\/users\/1\/"}],"replies":[{"embeddable":true,"href":"https:\/\/dr-schwenk.de\/en\/wp-json\/wp\/v2\/comments\/?post=375"}],"version-history":[{"count":1,"href":"https:\/\/dr-schwenk.de\/en\/wp-json\/wp\/v2\/pages\/375\/revisions\/"}],"predecessor-version":[{"id":376,"href":"https:\/\/dr-schwenk.de\/en\/wp-json\/wp\/v2\/pages\/375\/revisions\/376\/"}],"up":[{"embeddable":true,"href":"https:\/\/dr-schwenk.de\/en\/wp-json\/wp\/v2\/pages\/373\/"}],"wp:featuredmedia":[{"embeddable":true,"href":"https:\/\/dr-schwenk.de\/en\/wp-json\/wp\/v2\/media\/357\/"}],"wp:attachment":[{"href":"https:\/\/dr-schwenk.de\/en\/wp-json\/wp\/v2\/media\/?parent=375"}],"curies":[{"name":"wp","href":"https:\/\/api.w.org\/{rel}","templated":true}]}}