{"id":373,"date":"2015-05-19T11:19:40","date_gmt":"2015-05-19T11:19:40","guid":{"rendered":"http:\/\/dr-schwenk.de\/?page_id=373"},"modified":"2015-06-15T09:22:59","modified_gmt":"2015-06-15T09:22:59","slug":"praxis-2","status":"publish","type":"page","link":"https:\/\/dr-schwenk.de\/en\/praxis-2\/","title":{"rendered":"Praxis"},"content":{"rendered":"<h1>Philosophie meiner Praxis f\u00fcr Innere Medizin und Naturheilkunde M\u00fcnchen<\/h1>\n<h2>Mein therapeutisches Konzept beruht auf den Prinzipien der Integrativen Medizin.<\/h2>\n<p>Das therapeutische Konzept meiner Praxis beruht auf den Prinzipien der Integrativen Medizin. W\u00e4hrend meiner zum Teil in den USA absolvierten Facharztausbildung konnte ich diese moderne medizinische Entwicklung am \u201eCenter for Health and Healing\u201c des Universit\u00e4tsklinikums Mount Sinai Beth Israel in New York n\u00e4her kennenlernen. Sich Zeit zu nehmen, um in einem detaillierten Gespr\u00e4ch den gesamten Menschen zu erfassen und nicht nur eine Schl\u00fcssellochmedizin zu betreiben, sehe ich als wesentlichen Erfolgsfaktor an. Dazu nutze ich die Synergie von modernster Apparatemedizin und biologisch regulativen naturheilkundlichen Verfahren. Meine Ziele sind eine exakte Diagnosefindung und eine m\u00f6glichst schonende Therapie. Gerne unterst\u00fctze ich Sie so beim Erreichen Ihrer individuellen Gesundheitsziele! Ihre Dr. Ulrike Schwenk<\/p>\n","protected":false},"excerpt":{"rendered":"<p>Philosophie meiner Praxis f\u00fcr Innere Medizin und Naturheilkunde M\u00fcnchen Mein therapeutisches Konzept beruht auf den Prinzipien der Integrativen Medizin. Das therapeutische Konzept meiner Praxis beruht auf den Prinzipien der Integrativen Medizin. W\u00e4hrend meiner zum Teil in den USA absolvierten Facharztausbildung konnte ich diese moderne medizinische Entwicklung am \u201eCenter for Health and Healing\u201c des Universit\u00e4tsklinikums Mount [&hellip;]<\/p>\n","protected":false},"author":1,"featured_media":357,"parent":0,"menu_order":2,"comment_status":"closed","ping_status":"closed","template":"","meta":{"_acf_changed":false,"footnotes":""},"class_list":["post-373","page","type-page","status-publish","has-post-thumbnail","hentry"],"acf":[],"yoast_head":"<!-- This site is optimized with the Yoast SEO plugin v27.3 - https:\/\/yoast.com\/product\/yoast-seo-wordpress\/ -->\n<title>Praxis - Dr. Schwenk<\/title>\n<meta name=\"robots\" content=\"index, follow, max-snippet:-1, max-image-preview:large, max-video-preview:-1\" \/>\n<link rel=\"canonical\" href=\"https:\/\/dr-schwenk.de\/en\/praxis-2\/\" \/>\n<meta property=\"og:locale\" content=\"en_US\" \/>\n<meta property=\"og:type\" content=\"article\" \/>\n<meta property=\"og:title\" content=\"Praxis - Dr. Schwenk\" \/>\n<meta property=\"og:description\" content=\"Philosophie meiner Praxis f\u00fcr Innere Medizin und Naturheilkunde M\u00fcnchen Mein therapeutisches Konzept beruht auf den Prinzipien der Integrativen Medizin. Das therapeutische Konzept meiner Praxis beruht auf den Prinzipien der Integrativen Medizin. W\u00e4hrend meiner zum Teil in den USA absolvierten Facharztausbildung konnte ich diese moderne medizinische Entwicklung am \u201eCenter for Health and Healing\u201c des Universit\u00e4tsklinikums Mount [&hellip;]\" \/>\n<meta property=\"og:url\" content=\"https:\/\/dr-schwenk.de\/en\/praxis-2\/\" \/>\n<meta property=\"og:site_name\" content=\"Dr. Schwenk\" \/>\n<meta property=\"article:modified_time\" content=\"2015-06-15T09:22:59+00:00\" \/>\n<meta property=\"og:image\" content=\"https:\/\/dr-schwenk.de\/wp-content\/uploads\/2015\/04\/Header-Praxis.jpg\" \/>\n\t<meta property=\"og:image:width\" content=\"1170\" \/>\n\t<meta property=\"og:image:height\" content=\"206\" \/>\n\t<meta property=\"og:image:type\" content=\"image\/jpeg\" \/>\n<meta name=\"twitter:card\" content=\"summary_large_image\" \/>\n<meta name=\"twitter:label1\" content=\"Est. reading time\" \/>\n\t<meta name=\"twitter:data1\" content=\"1 minute\" \/>\n<script type=\"application\/ld+json\" class=\"yoast-schema-graph\">{\"@context\":\"https:\\\/\\\/schema.org\",\"@graph\":[{\"@type\":\"WebPage\",\"@id\":\"https:\\\/\\\/dr-schwenk.de\\\/en\\\/praxis-2\\\/\",\"url\":\"https:\\\/\\\/dr-schwenk.de\\\/en\\\/praxis-2\\\/\",\"name\":\"Praxis - Dr. Schwenk\",\"isPartOf\":{\"@id\":\"https:\\\/\\\/dr-schwenk.de\\\/#website\"},\"primaryImageOfPage\":{\"@id\":\"https:\\\/\\\/dr-schwenk.de\\\/en\\\/praxis-2\\\/#primaryimage\"},\"image\":{\"@id\":\"https:\\\/\\\/dr-schwenk.de\\\/en\\\/praxis-2\\\/#primaryimage\"},\"thumbnailUrl\":\"https:\\\/\\\/dr-schwenk.de\\\/wp-content\\\/uploads\\\/2015\\\/04\\\/Header-Praxis.jpg\",\"datePublished\":\"2015-05-19T11:19:40+00:00\",\"dateModified\":\"2015-06-15T09:22:59+00:00\",\"breadcrumb\":{\"@id\":\"https:\\\/\\\/dr-schwenk.de\\\/en\\\/praxis-2\\\/#breadcrumb\"},\"inLanguage\":\"en-US\",\"potentialAction\":[{\"@type\":\"ReadAction\",\"target\":[\"https:\\\/\\\/dr-schwenk.de\\\/en\\\/praxis-2\\\/\"]}]},{\"@type\":\"ImageObject\",\"inLanguage\":\"en-US\",\"@id\":\"https:\\\/\\\/dr-schwenk.de\\\/en\\\/praxis-2\\\/#primaryimage\",\"url\":\"https:\\\/\\\/dr-schwenk.de\\\/wp-content\\\/uploads\\\/2015\\\/04\\\/Header-Praxis.jpg\",\"contentUrl\":\"https:\\\/\\\/dr-schwenk.de\\\/wp-content\\\/uploads\\\/2015\\\/04\\\/Header-Praxis.jpg\",\"width\":1170,\"height\":206},{\"@type\":\"BreadcrumbList\",\"@id\":\"https:\\\/\\\/dr-schwenk.de\\\/en\\\/praxis-2\\\/#breadcrumb\",\"itemListElement\":[{\"@type\":\"ListItem\",\"position\":1,\"name\":\"Home\",\"item\":\"https:\\\/\\\/dr-schwenk.de\\\/en\\\/\"},{\"@type\":\"ListItem\",\"position\":2,\"name\":\"Praxis\"}]},{\"@type\":\"WebSite\",\"@id\":\"https:\\\/\\\/dr-schwenk.de\\\/#website\",\"url\":\"https:\\\/\\\/dr-schwenk.de\\\/\",\"name\":\"Dr. Schwenk\",\"description\":\"Leopold Medical Center\",\"publisher\":{\"@id\":\"https:\\\/\\\/dr-schwenk.de\\\/#organization\"},\"potentialAction\":[{\"@type\":\"SearchAction\",\"target\":{\"@type\":\"EntryPoint\",\"urlTemplate\":\"https:\\\/\\\/dr-schwenk.de\\\/?s={search_term_string}\"},\"query-input\":{\"@type\":\"PropertyValueSpecification\",\"valueRequired\":true,\"valueName\":\"search_term_string\"}}],\"inLanguage\":\"en-US\"},{\"@type\":\"Organization\",\"@id\":\"https:\\\/\\\/dr-schwenk.de\\\/#organization\",\"name\":\"Dr. Ulrike Schwenk\",\"url\":\"https:\\\/\\\/dr-schwenk.de\\\/\",\"logo\":{\"@type\":\"ImageObject\",\"inLanguage\":\"en-US\",\"@id\":\"https:\\\/\\\/dr-schwenk.de\\\/#\\\/schema\\\/logo\\\/image\\\/\",\"url\":\"https:\\\/\\\/dr-schwenk.de\\\/wp-content\\\/uploads\\\/2015\\\/04\\\/Logo-Dr-Schwenk.jpg\",\"contentUrl\":\"https:\\\/\\\/dr-schwenk.de\\\/wp-content\\\/uploads\\\/2015\\\/04\\\/Logo-Dr-Schwenk.jpg\",\"width\":600,\"height\":319,\"caption\":\"Dr. Ulrike Schwenk\"},\"image\":{\"@id\":\"https:\\\/\\\/dr-schwenk.de\\\/#\\\/schema\\\/logo\\\/image\\\/\"}}]}<\/script>\n<!-- \/ Yoast SEO plugin. -->","yoast_head_json":{"title":"Praxis - Dr. Schwenk","robots":{"index":"index","follow":"follow","max-snippet":"max-snippet:-1","max-image-preview":"max-image-preview:large","max-video-preview":"max-video-preview:-1"},"canonical":"https:\/\/dr-schwenk.de\/en\/praxis-2\/","og_locale":"en_US","og_type":"article","og_title":"Praxis - Dr. Schwenk","og_description":"Philosophie meiner Praxis f\u00fcr Innere Medizin und Naturheilkunde M\u00fcnchen Mein therapeutisches Konzept beruht auf den Prinzipien der Integrativen Medizin. Das therapeutische Konzept meiner Praxis beruht auf den Prinzipien der Integrativen Medizin. W\u00e4hrend meiner zum Teil in den USA absolvierten Facharztausbildung konnte ich diese moderne medizinische Entwicklung am \u201eCenter for Health and Healing\u201c des Universit\u00e4tsklinikums Mount [&hellip;]","og_url":"https:\/\/dr-schwenk.de\/en\/praxis-2\/","og_site_name":"Dr. Schwenk","article_modified_time":"2015-06-15T09:22:59+00:00","og_image":[{"width":1170,"height":206,"url":"https:\/\/dr-schwenk.de\/wp-content\/uploads\/2015\/04\/Header-Praxis.jpg","type":"image\/jpeg"}],"twitter_card":"summary_large_image","twitter_misc":{"Est. reading time":"1 minute"},"schema":{"@context":"https:\/\/schema.org","@graph":[{"@type":"WebPage","@id":"https:\/\/dr-schwenk.de\/en\/praxis-2\/","url":"https:\/\/dr-schwenk.de\/en\/praxis-2\/","name":"Praxis - Dr. Schwenk","isPartOf":{"@id":"https:\/\/dr-schwenk.de\/#website"},"primaryImageOfPage":{"@id":"https:\/\/dr-schwenk.de\/en\/praxis-2\/#primaryimage"},"image":{"@id":"https:\/\/dr-schwenk.de\/en\/praxis-2\/#primaryimage"},"thumbnailUrl":"https:\/\/dr-schwenk.de\/wp-content\/uploads\/2015\/04\/Header-Praxis.jpg","datePublished":"2015-05-19T11:19:40+00:00","dateModified":"2015-06-15T09:22:59+00:00","breadcrumb":{"@id":"https:\/\/dr-schwenk.de\/en\/praxis-2\/#breadcrumb"},"inLanguage":"en-US","potentialAction":[{"@type":"ReadAction","target":["https:\/\/dr-schwenk.de\/en\/praxis-2\/"]}]},{"@type":"ImageObject","inLanguage":"en-US","@id":"https:\/\/dr-schwenk.de\/en\/praxis-2\/#primaryimage","url":"https:\/\/dr-schwenk.de\/wp-content\/uploads\/2015\/04\/Header-Praxis.jpg","contentUrl":"https:\/\/dr-schwenk.de\/wp-content\/uploads\/2015\/04\/Header-Praxis.jpg","width":1170,"height":206},{"@type":"BreadcrumbList","@id":"https:\/\/dr-schwenk.de\/en\/praxis-2\/#breadcrumb","itemListElement":[{"@type":"ListItem","position":1,"name":"Home","item":"https:\/\/dr-schwenk.de\/en\/"},{"@type":"ListItem","position":2,"name":"Praxis"}]},{"@type":"WebSite","@id":"https:\/\/dr-schwenk.de\/#website","url":"https:\/\/dr-schwenk.de\/","name":"Dr. Schwenk","description":"Leopold Medical Center","publisher":{"@id":"https:\/\/dr-schwenk.de\/#organization"},"potentialAction":[{"@type":"SearchAction","target":{"@type":"EntryPoint","urlTemplate":"https:\/\/dr-schwenk.de\/?s={search_term_string}"},"query-input":{"@type":"PropertyValueSpecification","valueRequired":true,"valueName":"search_term_string"}}],"inLanguage":"en-US"},{"@type":"Organization","@id":"https:\/\/dr-schwenk.de\/#organization","name":"Dr. Ulrike Schwenk","url":"https:\/\/dr-schwenk.de\/","logo":{"@type":"ImageObject","inLanguage":"en-US","@id":"https:\/\/dr-schwenk.de\/#\/schema\/logo\/image\/","url":"https:\/\/dr-schwenk.de\/wp-content\/uploads\/2015\/04\/Logo-Dr-Schwenk.jpg","contentUrl":"https:\/\/dr-schwenk.de\/wp-content\/uploads\/2015\/04\/Logo-Dr-Schwenk.jpg","width":600,"height":319,"caption":"Dr. Ulrike Schwenk"},"image":{"@id":"https:\/\/dr-schwenk.de\/#\/schema\/logo\/image\/"}}]}},"_links":{"self":[{"href":"https:\/\/dr-schwenk.de\/en\/wp-json\/wp\/v2\/pages\/373\/"}],"collection":[{"href":"https:\/\/dr-schwenk.de\/en\/wp-json\/wp\/v2\/pages\/"}],"about":[{"href":"https:\/\/dr-schwenk.de\/en\/wp-json\/wp\/v2\/types\/page\/"}],"author":[{"embeddable":true,"href":"https:\/\/dr-schwenk.de\/en\/wp-json\/wp\/v2\/users\/1\/"}],"replies":[{"embeddable":true,"href":"https:\/\/dr-schwenk.de\/en\/wp-json\/wp\/v2\/comments\/?post=373"}],"version-history":[{"count":3,"href":"https:\/\/dr-schwenk.de\/en\/wp-json\/wp\/v2\/pages\/373\/revisions\/"}],"predecessor-version":[{"id":609,"href":"https:\/\/dr-schwenk.de\/en\/wp-json\/wp\/v2\/pages\/373\/revisions\/609\/"}],"wp:featuredmedia":[{"embeddable":true,"href":"https:\/\/dr-schwenk.de\/en\/wp-json\/wp\/v2\/media\/357\/"}],"wp:attachment":[{"href":"https:\/\/dr-schwenk.de\/en\/wp-json\/wp\/v2\/media\/?parent=373"}],"curies":[{"name":"wp","href":"https:\/\/api.w.org\/{rel}","templated":true}]}}